{"id":15,"date":"2023-09-11T16:27:11","date_gmt":"2023-09-11T14:27:11","guid":{"rendered":"http:\/\/hustor.handmade.net\/?page_id=15"},"modified":"2023-09-11T16:27:11","modified_gmt":"2023-09-11T14:27:11","slug":"zde-muzete-vlozit-vas-prispevek","status":"publish","type":"page","link":"https:\/\/hustor.handmade.net\/?page_id=15","title":{"rendered":"ZDE M\u016e\u017dETE VLO\u017dIT V\u00c1\u0160 P\u0158\u00cdSP\u011aVEK"},"content":{"rendered":"","protected":false},"excerpt":{"rendered":"","protected":false},"author":1,"featured_media":0,"parent":0,"menu_order":0,"comment_status":"closed","ping_status":"closed","template":"","meta":{"footnotes":""},"class_list":["post-15","page","type-page","status-publish","hentry"],"_links":{"self":[{"href":"https:\/\/hustor.handmade.net\/index.php?rest_route=\/wp\/v2\/pages\/15","targetHints":{"allow":["GET"]}}],"collection":[{"href":"https:\/\/hustor.handmade.net\/index.php?rest_route=\/wp\/v2\/pages"}],"about":[{"href":"https:\/\/hustor.handmade.net\/index.php?rest_route=\/wp\/v2\/types\/page"}],"author":[{"embeddable":true,"href":"https:\/\/hustor.handmade.net\/index.php?rest_route=\/wp\/v2\/users\/1"}],"replies":[{"embeddable":true,"href":"https:\/\/hustor.handmade.net\/index.php?rest_route=%2Fwp%2Fv2%2Fcomments&post=15"}],"version-history":[{"count":1,"href":"https:\/\/hustor.handmade.net\/index.php?rest_route=\/wp\/v2\/pages\/15\/revisions"}],"predecessor-version":[{"id":20,"href":"https:\/\/hustor.handmade.net\/index.php?rest_route=\/wp\/v2\/pages\/15\/revisions\/20"}],"wp:attachment":[{"href":"https:\/\/hustor.handmade.net\/index.php?rest_route=%2Fwp%2Fv2%2Fmedia&parent=15"}],"curies":[{"name":"wp","href":"https:\/\/api.w.org\/{rel}","templated":true}]}}